{"id":192,"date":"2019-01-18T12:10:21","date_gmt":"2019-01-18T11:10:21","guid":{"rendered":"https:\/\/www.eislub.be\/?page_id=192"},"modified":"2019-01-18T16:43:34","modified_gmt":"2019-01-18T15:43:34","slug":"accueil","status":"publish","type":"page","link":"https:\/\/www.eislub.be\/index.php\/accueil\/","title":{"rendered":"Accueil"},"content":{"rendered":"\n<p>Contr\u00f4ler et am\u00e9liorer la lubrification sur site se traduit par un impact positif sur le compte de r\u00e9sultat<\/p>\n\n\n\n<p>La lubrification est l&rsquo;un des aspects essentiels de la maintenance industrielle afin de garantir un fonctionnement efficace des machines.<\/p>\n\n\n\n<div class=\"wp-block-columns has-2-columns is-layout-flex wp-container-core-columns-is-layout-9d6595d7 wp-block-columns-is-layout-flex\">\n<div class=\"wp-block-column is-layout-flow wp-block-column-is-layout-flow\">\n<blockquote class=\"wp-block-quote is-layout-flow wp-block-quote-is-layout-flow\"><p> 92% des sites souffrent d&rsquo;un d\u00e9faut  de mise en place de proc\u00e9dures     ad\u00e9quates en mati\u00e8re de lubrification et 74% des sites n&rsquo;ont pas recours  \u00e0 l&rsquo;analyse de lubrifiant en tant qu&rsquo;instrument de surveillance. <\/p><cite> <br>Jes\u00fas Terradillos<br>Directeur des services technologiques IK4-TEKNIKER <\/cite><\/blockquote>\n<\/div>\n\n\n\n<div class=\"wp-block-column is-layout-flow wp-block-column-is-layout-flow\">\n<figure class=\"wp-block-image\"><img loading=\"lazy\" decoding=\"async\" width=\"272\" height=\"202\" src=\"https:\/\/www.eislub.be\/wp-content\/uploads\/2019\/01\/Engrenages.jpg\" alt=\"engrenages\" class=\"wp-image-267\"\/><\/figure>\n<\/div>\n<\/div>\n\n\n\n<p>Il s&rsquo;agit d&rsquo;un domaine comportant un fort potentiel en mati\u00e8re d&rsquo;\u00e9conomie des co\u00fbts, de prolongation de la dur\u00e9e de vie et de production plus efficace. &nbsp;N\u00e9anmoins, la mise en place d&rsquo;une gestion efficace de la lubrification au sein de la majorit\u00e9 des entreprises est pass\u00e9e en arri\u00e8re-plan.<\/p>\n\n\n\n<p>Citons deux donn\u00e9es importantes : 92% des sites souffrent d&rsquo;un d\u00e9faut de mise en place de proc\u00e9dures ad\u00e9quates en mati\u00e8re de lubrification et 74% des sites n&rsquo;ont pas recours \u00e0 l&rsquo;analyse de lubrifiant en tant qu&rsquo;instrument de surveillance.<\/p>\n\n\n\n<p>En d\u00e9pit de la connaissance de la n\u00e9cessit\u00e9 de la lubrification dans toute l&rsquo;industrie il faut reconna\u00eetre que cela reste insuffisant.<\/p>\n\n\n\n<p>Compte tenu de cette r\u00e9alit\u00e9 du secteur industriel, l&rsquo;enjeu consiste \u00e0 savoir comment transformer de mani\u00e8re syst\u00e9matique le processus habituel de lubrification, devenu obsol\u00e8te, en un syst\u00e8me innovant, am\u00e9lior\u00e9 et actuel qui apporterait tous les avantages pour lesquels le lubrifiant a \u00e9t\u00e9 mis au point.<\/p>\n","protected":false},"excerpt":{"rendered":"<p>Contr\u00f4ler et am\u00e9liorer la lubrification sur site se traduit par un impact positif sur le compte de r\u00e9sultat La lubrification est l&rsquo;un des aspects essentiels de la maintenance industrielle afin de garantir un fonctionnement efficace des machines. 92% des sites souffrent d&rsquo;un d\u00e9faut de mise en place de proc\u00e9dures ad\u00e9quates en mati\u00e8re de lubrification et [&hellip;]<\/p>\n","protected":false},"author":1,"featured_media":0,"parent":0,"menu_order":0,"comment_status":"closed","ping_status":"closed","template":"","meta":{"footnotes":""},"class_list":["post-192","page","type-page","status-publish","hentry"],"yoast_head":"<!-- This site is optimized with the Yoast SEO plugin v27.5 - https:\/\/yoast.com\/product\/yoast-seo-wordpress\/ -->\n<title>Accueil - E.I.S. Lubrification industrielle<\/title>\n<meta name=\"robots\" content=\"index, follow, max-snippet:-1, max-image-preview:large, max-video-preview:-1\" \/>\n<link rel=\"canonical\" href=\"https:\/\/www.eislub.be\/index.php\/accueil\/\" \/>\n<meta property=\"og:locale\" content=\"fr_FR\" \/>\n<meta property=\"og:type\" content=\"article\" \/>\n<meta property=\"og:title\" content=\"Accueil - E.I.S. Lubrification industrielle\" \/>\n<meta property=\"og:description\" content=\"Contr\u00f4ler et am\u00e9liorer la lubrification sur site se traduit par un impact positif sur le compte de r\u00e9sultat La lubrification est l&rsquo;un des aspects essentiels de la maintenance industrielle afin de garantir un fonctionnement efficace des machines. 92% des sites souffrent d&rsquo;un d\u00e9faut de mise en place de proc\u00e9dures ad\u00e9quates en mati\u00e8re de lubrification et [&hellip;]\" \/>\n<meta property=\"og:url\" content=\"https:\/\/www.eislub.be\/index.php\/accueil\/\" \/>\n<meta property=\"og:site_name\" content=\"E.I.S. Lubrification industrielle\" \/>\n<meta property=\"article:modified_time\" content=\"2019-01-18T15:43:34+00:00\" \/>\n<meta property=\"og:image\" content=\"https:\/\/www.eislub.be\/wp-content\/uploads\/2019\/01\/Engrenages.jpg\" \/>\n<meta name=\"twitter:card\" content=\"summary_large_image\" \/>\n<meta name=\"twitter:label1\" content=\"Dur\u00e9e de lecture estim\u00e9e\" \/>\n\t<meta name=\"twitter:data1\" content=\"1 minute\" \/>\n<script type=\"application\/ld+json\" class=\"yoast-schema-graph\">{\"@context\":\"https:\\\/\\\/schema.org\",\"@graph\":[{\"@type\":\"WebPage\",\"@id\":\"https:\\\/\\\/www.eislub.be\\\/index.php\\\/accueil\\\/\",\"url\":\"https:\\\/\\\/www.eislub.be\\\/index.php\\\/accueil\\\/\",\"name\":\"Accueil - E.I.S. Lubrification industrielle\",\"isPartOf\":{\"@id\":\"https:\\\/\\\/www.eislub.be\\\/#website\"},\"primaryImageOfPage\":{\"@id\":\"https:\\\/\\\/www.eislub.be\\\/index.php\\\/accueil\\\/#primaryimage\"},\"image\":{\"@id\":\"https:\\\/\\\/www.eislub.be\\\/index.php\\\/accueil\\\/#primaryimage\"},\"thumbnailUrl\":\"https:\\\/\\\/www.eislub.be\\\/wp-content\\\/uploads\\\/2019\\\/01\\\/Engrenages.jpg\",\"datePublished\":\"2019-01-18T11:10:21+00:00\",\"dateModified\":\"2019-01-18T15:43:34+00:00\",\"breadcrumb\":{\"@id\":\"https:\\\/\\\/www.eislub.be\\\/index.php\\\/accueil\\\/#breadcrumb\"},\"inLanguage\":\"fr-FR\",\"potentialAction\":[{\"@type\":\"ReadAction\",\"target\":[\"https:\\\/\\\/www.eislub.be\\\/index.php\\\/accueil\\\/\"]}]},{\"@type\":\"ImageObject\",\"inLanguage\":\"fr-FR\",\"@id\":\"https:\\\/\\\/www.eislub.be\\\/index.php\\\/accueil\\\/#primaryimage\",\"url\":\"https:\\\/\\\/www.eislub.be\\\/wp-content\\\/uploads\\\/2019\\\/01\\\/Engrenages.jpg\",\"contentUrl\":\"https:\\\/\\\/www.eislub.be\\\/wp-content\\\/uploads\\\/2019\\\/01\\\/Engrenages.jpg\",\"width\":272,\"height\":202,\"caption\":\"engrenages\"},{\"@type\":\"BreadcrumbList\",\"@id\":\"https:\\\/\\\/www.eislub.be\\\/index.php\\\/accueil\\\/#breadcrumb\",\"itemListElement\":[{\"@type\":\"ListItem\",\"position\":1,\"name\":\"Accueil\",\"item\":\"https:\\\/\\\/www.eislub.be\\\/\"},{\"@type\":\"ListItem\",\"position\":2,\"name\":\"Accueil\"}]},{\"@type\":\"WebSite\",\"@id\":\"https:\\\/\\\/www.eislub.be\\\/#website\",\"url\":\"https:\\\/\\\/www.eislub.be\\\/\",\"name\":\"E.I.S. Lubrification industrielle\",\"description\":\"Une garantie de fiabilit\u00e9, des professionnels \u00e0 votre service\",\"publisher\":{\"@id\":\"https:\\\/\\\/www.eislub.be\\\/#organization\"},\"potentialAction\":[{\"@type\":\"SearchAction\",\"target\":{\"@type\":\"EntryPoint\",\"urlTemplate\":\"https:\\\/\\\/www.eislub.be\\\/?s={search_term_string}\"},\"query-input\":{\"@type\":\"PropertyValueSpecification\",\"valueRequired\":true,\"valueName\":\"search_term_string\"}}],\"inLanguage\":\"fr-FR\"},{\"@type\":\"Organization\",\"@id\":\"https:\\\/\\\/www.eislub.be\\\/#organization\",\"name\":\"eis\",\"url\":\"https:\\\/\\\/www.eislub.be\\\/\",\"logo\":{\"@type\":\"ImageObject\",\"inLanguage\":\"fr-FR\",\"@id\":\"https:\\\/\\\/www.eislub.be\\\/#\\\/schema\\\/logo\\\/image\\\/\",\"url\":\"https:\\\/\\\/www.eislub.be\\\/wp-content\\\/uploads\\\/2019\\\/01\\\/eislogopetit.jpg\",\"contentUrl\":\"https:\\\/\\\/www.eislub.be\\\/wp-content\\\/uploads\\\/2019\\\/01\\\/eislogopetit.jpg\",\"width\":268,\"height\":80,\"caption\":\"eis\"},\"image\":{\"@id\":\"https:\\\/\\\/www.eislub.be\\\/#\\\/schema\\\/logo\\\/image\\\/\"}}]}<\/script>\n<!-- \/ Yoast SEO plugin. -->","yoast_head_json":{"title":"Accueil - E.I.S. Lubrification industrielle","robots":{"index":"index","follow":"follow","max-snippet":"max-snippet:-1","max-image-preview":"max-image-preview:large","max-video-preview":"max-video-preview:-1"},"canonical":"https:\/\/www.eislub.be\/index.php\/accueil\/","og_locale":"fr_FR","og_type":"article","og_title":"Accueil - E.I.S. Lubrification industrielle","og_description":"Contr\u00f4ler et am\u00e9liorer la lubrification sur site se traduit par un impact positif sur le compte de r\u00e9sultat La lubrification est l&rsquo;un des aspects essentiels de la maintenance industrielle afin de garantir un fonctionnement efficace des machines. 92% des sites souffrent d&rsquo;un d\u00e9faut de mise en place de proc\u00e9dures ad\u00e9quates en mati\u00e8re de lubrification et [&hellip;]","og_url":"https:\/\/www.eislub.be\/index.php\/accueil\/","og_site_name":"E.I.S. Lubrification industrielle","article_modified_time":"2019-01-18T15:43:34+00:00","og_image":[{"url":"https:\/\/www.eislub.be\/wp-content\/uploads\/2019\/01\/Engrenages.jpg","type":"","width":"","height":""}],"twitter_card":"summary_large_image","twitter_misc":{"Dur\u00e9e de lecture estim\u00e9e":"1 minute"},"schema":{"@context":"https:\/\/schema.org","@graph":[{"@type":"WebPage","@id":"https:\/\/www.eislub.be\/index.php\/accueil\/","url":"https:\/\/www.eislub.be\/index.php\/accueil\/","name":"Accueil - E.I.S. Lubrification industrielle","isPartOf":{"@id":"https:\/\/www.eislub.be\/#website"},"primaryImageOfPage":{"@id":"https:\/\/www.eislub.be\/index.php\/accueil\/#primaryimage"},"image":{"@id":"https:\/\/www.eislub.be\/index.php\/accueil\/#primaryimage"},"thumbnailUrl":"https:\/\/www.eislub.be\/wp-content\/uploads\/2019\/01\/Engrenages.jpg","datePublished":"2019-01-18T11:10:21+00:00","dateModified":"2019-01-18T15:43:34+00:00","breadcrumb":{"@id":"https:\/\/www.eislub.be\/index.php\/accueil\/#breadcrumb"},"inLanguage":"fr-FR","potentialAction":[{"@type":"ReadAction","target":["https:\/\/www.eislub.be\/index.php\/accueil\/"]}]},{"@type":"ImageObject","inLanguage":"fr-FR","@id":"https:\/\/www.eislub.be\/index.php\/accueil\/#primaryimage","url":"https:\/\/www.eislub.be\/wp-content\/uploads\/2019\/01\/Engrenages.jpg","contentUrl":"https:\/\/www.eislub.be\/wp-content\/uploads\/2019\/01\/Engrenages.jpg","width":272,"height":202,"caption":"engrenages"},{"@type":"BreadcrumbList","@id":"https:\/\/www.eislub.be\/index.php\/accueil\/#breadcrumb","itemListElement":[{"@type":"ListItem","position":1,"name":"Accueil","item":"https:\/\/www.eislub.be\/"},{"@type":"ListItem","position":2,"name":"Accueil"}]},{"@type":"WebSite","@id":"https:\/\/www.eislub.be\/#website","url":"https:\/\/www.eislub.be\/","name":"E.I.S. Lubrification industrielle","description":"Une garantie de fiabilit\u00e9, des professionnels \u00e0 votre service","publisher":{"@id":"https:\/\/www.eislub.be\/#organization"},"potentialAction":[{"@type":"SearchAction","target":{"@type":"EntryPoint","urlTemplate":"https:\/\/www.eislub.be\/?s={search_term_string}"},"query-input":{"@type":"PropertyValueSpecification","valueRequired":true,"valueName":"search_term_string"}}],"inLanguage":"fr-FR"},{"@type":"Organization","@id":"https:\/\/www.eislub.be\/#organization","name":"eis","url":"https:\/\/www.eislub.be\/","logo":{"@type":"ImageObject","inLanguage":"fr-FR","@id":"https:\/\/www.eislub.be\/#\/schema\/logo\/image\/","url":"https:\/\/www.eislub.be\/wp-content\/uploads\/2019\/01\/eislogopetit.jpg","contentUrl":"https:\/\/www.eislub.be\/wp-content\/uploads\/2019\/01\/eislogopetit.jpg","width":268,"height":80,"caption":"eis"},"image":{"@id":"https:\/\/www.eislub.be\/#\/schema\/logo\/image\/"}}]}},"_links":{"self":[{"href":"https:\/\/www.eislub.be\/index.php\/wp-json\/wp\/v2\/pages\/192","targetHints":{"allow":["GET"]}}],"collection":[{"href":"https:\/\/www.eislub.be\/index.php\/wp-json\/wp\/v2\/pages"}],"about":[{"href":"https:\/\/www.eislub.be\/index.php\/wp-json\/wp\/v2\/types\/page"}],"author":[{"embeddable":true,"href":"https:\/\/www.eislub.be\/index.php\/wp-json\/wp\/v2\/users\/1"}],"replies":[{"embeddable":true,"href":"https:\/\/www.eislub.be\/index.php\/wp-json\/wp\/v2\/comments?post=192"}],"version-history":[{"count":9,"href":"https:\/\/www.eislub.be\/index.php\/wp-json\/wp\/v2\/pages\/192\/revisions"}],"predecessor-version":[{"id":280,"href":"https:\/\/www.eislub.be\/index.php\/wp-json\/wp\/v2\/pages\/192\/revisions\/280"}],"wp:attachment":[{"href":"https:\/\/www.eislub.be\/index.php\/wp-json\/wp\/v2\/media?parent=192"}],"curies":[{"name":"wp","href":"https:\/\/api.w.org\/{rel}","templated":true}]}}