{"id":17,"date":"2019-01-17T10:17:34","date_gmt":"2019-01-17T09:17:34","guid":{"rendered":"https:\/\/www.eislub.be\/?page_id=17"},"modified":"2023-01-18T12:37:55","modified_gmt":"2023-01-18T11:37:55","slug":"la-societe","status":"publish","type":"page","link":"https:\/\/www.eislub.be\/index.php\/la-societe\/","title":{"rendered":"La soci\u00e9t\u00e9"},"content":{"rendered":"\n<h2 class=\"wp-block-heading\">E.I.S, bien plus qu&rsquo;une soci\u00e9t\u00e9 familiale<\/h2>\n\n\n\n<h3 class=\"wp-block-heading\">Une garantie de fiabilit\u00e9, des professionnels \u00e0 votre service<\/h3>\n\n\n\n<p>\nEntretien\n Industrie Service, E.I.S s.a, &nbsp;est cr\u00e9\u00e9e en 1988 par Monsieur Gordinne.\n &nbsp;Fort de son exp\u00e9rience professionnelle&nbsp;E.I.S s.a. est aujourd&rsquo;hui \npr\u00e9sente sur l&rsquo;ensemble du march\u00e9 industriel tout domaine d&rsquo;activit\u00e9 \nconfondu.<\/p>\n\n\n\n<p>La soci\u00e9t\u00e9 est certifi\u00e9e \u00a0V.C.A depuis 2002 . \u00a0 Cela  signifie que nous utilisons un syst\u00e8me de gestion de la s\u00e9curit\u00e9 qui  r\u00e9pond aux exigences du VCA et que nous pouvons donc offrir des  garanties pour la gestion des risques lors de l\u2019ex\u00e9cution du travail.<\/p>\n\n\n\n<p>E.I.S. est votre partenaire ayant les connaissances et l&rsquo;exp\u00e9rience de  l&rsquo;utilisation et la gestion des fluides, la tra\u00e7abilit\u00e9 de leurs  consommations et la gestion de leurs stocks.<\/p>\n\n\n\n<p>E.I.S. ce sont  des personnes d\u00e9di\u00e9es au service du client : personnel dirigeant,  administratif, responsables de sites et techniciens graisseurs  visiteurs.<\/p>\n\n\n\n<p>E.I.S s.a. est organis\u00e9 pour r\u00e9pondre aux clients sans faire appel \u00e0 l\u2019int\u00e9rim.<\/p>\n\n\n\n<figure class=\"wp-block-pullquote\"><blockquote><p>La soci\u00e9t\u00e9 est certifi\u00e9e VCA<br><\/p><\/blockquote><\/figure>\n","protected":false},"excerpt":{"rendered":"<p>E.I.S, bien plus qu&rsquo;une soci\u00e9t\u00e9 familiale Une garantie de fiabilit\u00e9, des professionnels \u00e0 votre service Entretien Industrie Service, E.I.S s.a, &nbsp;est cr\u00e9\u00e9e en 1988 par Monsieur Gordinne. &nbsp;Fort de son exp\u00e9rience professionnelle&nbsp;E.I.S s.a. est aujourd&rsquo;hui pr\u00e9sente sur l&rsquo;ensemble du march\u00e9 industriel tout domaine d&rsquo;activit\u00e9 confondu. La soci\u00e9t\u00e9 est certifi\u00e9e \u00a0V.C.A depuis 2002 . \u00a0 Cela [&hellip;]<\/p>\n","protected":false},"author":1,"featured_media":0,"parent":0,"menu_order":0,"comment_status":"closed","ping_status":"closed","template":"","meta":{"footnotes":""},"class_list":["post-17","page","type-page","status-publish","hentry"],"yoast_head":"<!-- This site is optimized with the Yoast SEO plugin v27.5 - https:\/\/yoast.com\/product\/yoast-seo-wordpress\/ -->\n<title>La soci\u00e9t\u00e9 - E.I.S. Lubrification industrielle<\/title>\n<meta name=\"robots\" content=\"index, follow, max-snippet:-1, max-image-preview:large, max-video-preview:-1\" \/>\n<link rel=\"canonical\" href=\"https:\/\/www.eislub.be\/index.php\/la-societe\/\" \/>\n<meta property=\"og:locale\" content=\"fr_FR\" \/>\n<meta property=\"og:type\" content=\"article\" \/>\n<meta property=\"og:title\" content=\"La soci\u00e9t\u00e9 - E.I.S. Lubrification industrielle\" \/>\n<meta property=\"og:description\" content=\"E.I.S, bien plus qu&rsquo;une soci\u00e9t\u00e9 familiale Une garantie de fiabilit\u00e9, des professionnels \u00e0 votre service Entretien Industrie Service, E.I.S s.a, &nbsp;est cr\u00e9\u00e9e en 1988 par Monsieur Gordinne. &nbsp;Fort de son exp\u00e9rience professionnelle&nbsp;E.I.S s.a. est aujourd&rsquo;hui pr\u00e9sente sur l&rsquo;ensemble du march\u00e9 industriel tout domaine d&rsquo;activit\u00e9 confondu. La soci\u00e9t\u00e9 est certifi\u00e9e \u00a0V.C.A depuis 2002 . \u00a0 Cela [&hellip;]\" \/>\n<meta property=\"og:url\" content=\"https:\/\/www.eislub.be\/index.php\/la-societe\/\" \/>\n<meta property=\"og:site_name\" content=\"E.I.S. Lubrification industrielle\" \/>\n<meta property=\"article:modified_time\" content=\"2023-01-18T11:37:55+00:00\" \/>\n<meta name=\"twitter:card\" content=\"summary_large_image\" \/>\n<meta name=\"twitter:label1\" content=\"Dur\u00e9e de lecture estim\u00e9e\" \/>\n\t<meta name=\"twitter:data1\" content=\"1 minute\" \/>\n<script type=\"application\/ld+json\" class=\"yoast-schema-graph\">{\"@context\":\"https:\\\/\\\/schema.org\",\"@graph\":[{\"@type\":\"WebPage\",\"@id\":\"https:\\\/\\\/www.eislub.be\\\/index.php\\\/la-societe\\\/\",\"url\":\"https:\\\/\\\/www.eislub.be\\\/index.php\\\/la-societe\\\/\",\"name\":\"La soci\u00e9t\u00e9 - E.I.S. Lubrification industrielle\",\"isPartOf\":{\"@id\":\"https:\\\/\\\/www.eislub.be\\\/#website\"},\"datePublished\":\"2019-01-17T09:17:34+00:00\",\"dateModified\":\"2023-01-18T11:37:55+00:00\",\"breadcrumb\":{\"@id\":\"https:\\\/\\\/www.eislub.be\\\/index.php\\\/la-societe\\\/#breadcrumb\"},\"inLanguage\":\"fr-FR\",\"potentialAction\":[{\"@type\":\"ReadAction\",\"target\":[\"https:\\\/\\\/www.eislub.be\\\/index.php\\\/la-societe\\\/\"]}]},{\"@type\":\"BreadcrumbList\",\"@id\":\"https:\\\/\\\/www.eislub.be\\\/index.php\\\/la-societe\\\/#breadcrumb\",\"itemListElement\":[{\"@type\":\"ListItem\",\"position\":1,\"name\":\"Accueil\",\"item\":\"https:\\\/\\\/www.eislub.be\\\/\"},{\"@type\":\"ListItem\",\"position\":2,\"name\":\"La soci\u00e9t\u00e9\"}]},{\"@type\":\"WebSite\",\"@id\":\"https:\\\/\\\/www.eislub.be\\\/#website\",\"url\":\"https:\\\/\\\/www.eislub.be\\\/\",\"name\":\"E.I.S. Lubrification industrielle\",\"description\":\"Une garantie de fiabilit\u00e9, des professionnels \u00e0 votre service\",\"publisher\":{\"@id\":\"https:\\\/\\\/www.eislub.be\\\/#organization\"},\"potentialAction\":[{\"@type\":\"SearchAction\",\"target\":{\"@type\":\"EntryPoint\",\"urlTemplate\":\"https:\\\/\\\/www.eislub.be\\\/?s={search_term_string}\"},\"query-input\":{\"@type\":\"PropertyValueSpecification\",\"valueRequired\":true,\"valueName\":\"search_term_string\"}}],\"inLanguage\":\"fr-FR\"},{\"@type\":\"Organization\",\"@id\":\"https:\\\/\\\/www.eislub.be\\\/#organization\",\"name\":\"eis\",\"url\":\"https:\\\/\\\/www.eislub.be\\\/\",\"logo\":{\"@type\":\"ImageObject\",\"inLanguage\":\"fr-FR\",\"@id\":\"https:\\\/\\\/www.eislub.be\\\/#\\\/schema\\\/logo\\\/image\\\/\",\"url\":\"https:\\\/\\\/www.eislub.be\\\/wp-content\\\/uploads\\\/2019\\\/01\\\/eislogopetit.jpg\",\"contentUrl\":\"https:\\\/\\\/www.eislub.be\\\/wp-content\\\/uploads\\\/2019\\\/01\\\/eislogopetit.jpg\",\"width\":268,\"height\":80,\"caption\":\"eis\"},\"image\":{\"@id\":\"https:\\\/\\\/www.eislub.be\\\/#\\\/schema\\\/logo\\\/image\\\/\"}}]}<\/script>\n<!-- \/ Yoast SEO plugin. -->","yoast_head_json":{"title":"La soci\u00e9t\u00e9 - E.I.S. Lubrification industrielle","robots":{"index":"index","follow":"follow","max-snippet":"max-snippet:-1","max-image-preview":"max-image-preview:large","max-video-preview":"max-video-preview:-1"},"canonical":"https:\/\/www.eislub.be\/index.php\/la-societe\/","og_locale":"fr_FR","og_type":"article","og_title":"La soci\u00e9t\u00e9 - E.I.S. Lubrification industrielle","og_description":"E.I.S, bien plus qu&rsquo;une soci\u00e9t\u00e9 familiale Une garantie de fiabilit\u00e9, des professionnels \u00e0 votre service Entretien Industrie Service, E.I.S s.a, &nbsp;est cr\u00e9\u00e9e en 1988 par Monsieur Gordinne. &nbsp;Fort de son exp\u00e9rience professionnelle&nbsp;E.I.S s.a. est aujourd&rsquo;hui pr\u00e9sente sur l&rsquo;ensemble du march\u00e9 industriel tout domaine d&rsquo;activit\u00e9 confondu. La soci\u00e9t\u00e9 est certifi\u00e9e \u00a0V.C.A depuis 2002 . \u00a0 Cela [&hellip;]","og_url":"https:\/\/www.eislub.be\/index.php\/la-societe\/","og_site_name":"E.I.S. Lubrification industrielle","article_modified_time":"2023-01-18T11:37:55+00:00","twitter_card":"summary_large_image","twitter_misc":{"Dur\u00e9e de lecture estim\u00e9e":"1 minute"},"schema":{"@context":"https:\/\/schema.org","@graph":[{"@type":"WebPage","@id":"https:\/\/www.eislub.be\/index.php\/la-societe\/","url":"https:\/\/www.eislub.be\/index.php\/la-societe\/","name":"La soci\u00e9t\u00e9 - E.I.S. Lubrification industrielle","isPartOf":{"@id":"https:\/\/www.eislub.be\/#website"},"datePublished":"2019-01-17T09:17:34+00:00","dateModified":"2023-01-18T11:37:55+00:00","breadcrumb":{"@id":"https:\/\/www.eislub.be\/index.php\/la-societe\/#breadcrumb"},"inLanguage":"fr-FR","potentialAction":[{"@type":"ReadAction","target":["https:\/\/www.eislub.be\/index.php\/la-societe\/"]}]},{"@type":"BreadcrumbList","@id":"https:\/\/www.eislub.be\/index.php\/la-societe\/#breadcrumb","itemListElement":[{"@type":"ListItem","position":1,"name":"Accueil","item":"https:\/\/www.eislub.be\/"},{"@type":"ListItem","position":2,"name":"La soci\u00e9t\u00e9"}]},{"@type":"WebSite","@id":"https:\/\/www.eislub.be\/#website","url":"https:\/\/www.eislub.be\/","name":"E.I.S. Lubrification industrielle","description":"Une garantie de fiabilit\u00e9, des professionnels \u00e0 votre service","publisher":{"@id":"https:\/\/www.eislub.be\/#organization"},"potentialAction":[{"@type":"SearchAction","target":{"@type":"EntryPoint","urlTemplate":"https:\/\/www.eislub.be\/?s={search_term_string}"},"query-input":{"@type":"PropertyValueSpecification","valueRequired":true,"valueName":"search_term_string"}}],"inLanguage":"fr-FR"},{"@type":"Organization","@id":"https:\/\/www.eislub.be\/#organization","name":"eis","url":"https:\/\/www.eislub.be\/","logo":{"@type":"ImageObject","inLanguage":"fr-FR","@id":"https:\/\/www.eislub.be\/#\/schema\/logo\/image\/","url":"https:\/\/www.eislub.be\/wp-content\/uploads\/2019\/01\/eislogopetit.jpg","contentUrl":"https:\/\/www.eislub.be\/wp-content\/uploads\/2019\/01\/eislogopetit.jpg","width":268,"height":80,"caption":"eis"},"image":{"@id":"https:\/\/www.eislub.be\/#\/schema\/logo\/image\/"}}]}},"_links":{"self":[{"href":"https:\/\/www.eislub.be\/index.php\/wp-json\/wp\/v2\/pages\/17","targetHints":{"allow":["GET"]}}],"collection":[{"href":"https:\/\/www.eislub.be\/index.php\/wp-json\/wp\/v2\/pages"}],"about":[{"href":"https:\/\/www.eislub.be\/index.php\/wp-json\/wp\/v2\/types\/page"}],"author":[{"embeddable":true,"href":"https:\/\/www.eislub.be\/index.php\/wp-json\/wp\/v2\/users\/1"}],"replies":[{"embeddable":true,"href":"https:\/\/www.eislub.be\/index.php\/wp-json\/wp\/v2\/comments?post=17"}],"version-history":[{"count":14,"href":"https:\/\/www.eislub.be\/index.php\/wp-json\/wp\/v2\/pages\/17\/revisions"}],"predecessor-version":[{"id":336,"href":"https:\/\/www.eislub.be\/index.php\/wp-json\/wp\/v2\/pages\/17\/revisions\/336"}],"wp:attachment":[{"href":"https:\/\/www.eislub.be\/index.php\/wp-json\/wp\/v2\/media?parent=17"}],"curies":[{"name":"wp","href":"https:\/\/api.w.org\/{rel}","templated":true}]}}