{"id":116,"date":"2019-01-18T09:45:40","date_gmt":"2019-01-18T08:45:40","guid":{"rendered":"https:\/\/www.eislub.be\/?page_id=116"},"modified":"2019-01-18T09:45:40","modified_gmt":"2019-01-18T08:45:40","slug":"nos-references","status":"publish","type":"page","link":"https:\/\/www.eislub.be\/index.php\/nos-references\/","title":{"rendered":"Nos r\u00e9f\u00e9rences"},"content":{"rendered":"\n<p>Nous sommes partenaires dans bien des domaines d&rsquo;activit\u00e9s comme : <\/p>\n\n\n\n<ul class=\"wp-block-list\"><li>La m\u00e9tallurgie<\/li><li>L&rsquo;industrie du papier<\/li><li>Les carri\u00e8res et cimenteries<\/li><li>La p\u00e9trochimie<\/li><li>L&rsquo;industrie pharmaceutique<\/li><li>L&rsquo;industrie alimentaire, \u2026<\/li><\/ul>\n\n\n\n<figure class=\"wp-block-pullquote\"><blockquote><p>Quelque soit votre m\u00e9tier nous nous adaptons \u00e0 votre process et votre parc de machines <\/p><\/blockquote><\/figure>\n\n\n\n<p><\/p>\n","protected":false},"excerpt":{"rendered":"<p>Nous sommes partenaires dans bien des domaines d&rsquo;activit\u00e9s comme : La m\u00e9tallurgie L&rsquo;industrie du papier Les carri\u00e8res et cimenteries La p\u00e9trochimie L&rsquo;industrie pharmaceutique L&rsquo;industrie alimentaire, \u2026 Quelque soit votre m\u00e9tier nous nous adaptons \u00e0 votre process et votre parc de machines<\/p>\n","protected":false},"author":1,"featured_media":0,"parent":0,"menu_order":0,"comment_status":"closed","ping_status":"closed","template":"","meta":{"footnotes":""},"class_list":["post-116","page","type-page","status-publish","hentry"],"yoast_head":"<!-- This site is optimized with the Yoast SEO plugin v27.5 - https:\/\/yoast.com\/product\/yoast-seo-wordpress\/ -->\n<title>Nos r\u00e9f\u00e9rences - E.I.S. Lubrification industrielle<\/title>\n<meta name=\"robots\" content=\"index, follow, max-snippet:-1, max-image-preview:large, max-video-preview:-1\" \/>\n<link rel=\"canonical\" href=\"https:\/\/www.eislub.be\/index.php\/nos-references\/\" \/>\n<meta property=\"og:locale\" content=\"fr_FR\" \/>\n<meta property=\"og:type\" content=\"article\" \/>\n<meta property=\"og:title\" content=\"Nos r\u00e9f\u00e9rences - E.I.S. Lubrification industrielle\" \/>\n<meta property=\"og:description\" content=\"Nous sommes partenaires dans bien des domaines d&rsquo;activit\u00e9s comme : La m\u00e9tallurgie L&rsquo;industrie du papier Les carri\u00e8res et cimenteries La p\u00e9trochimie L&rsquo;industrie pharmaceutique L&rsquo;industrie alimentaire, \u2026 Quelque soit votre m\u00e9tier nous nous adaptons \u00e0 votre process et votre parc de machines\" \/>\n<meta property=\"og:url\" content=\"https:\/\/www.eislub.be\/index.php\/nos-references\/\" \/>\n<meta property=\"og:site_name\" content=\"E.I.S. Lubrification industrielle\" \/>\n<meta name=\"twitter:card\" content=\"summary_large_image\" \/>\n<script type=\"application\/ld+json\" class=\"yoast-schema-graph\">{\"@context\":\"https:\\\/\\\/schema.org\",\"@graph\":[{\"@type\":\"WebPage\",\"@id\":\"https:\\\/\\\/www.eislub.be\\\/index.php\\\/nos-references\\\/\",\"url\":\"https:\\\/\\\/www.eislub.be\\\/index.php\\\/nos-references\\\/\",\"name\":\"Nos r\u00e9f\u00e9rences - E.I.S. Lubrification industrielle\",\"isPartOf\":{\"@id\":\"https:\\\/\\\/www.eislub.be\\\/#website\"},\"datePublished\":\"2019-01-18T08:45:40+00:00\",\"breadcrumb\":{\"@id\":\"https:\\\/\\\/www.eislub.be\\\/index.php\\\/nos-references\\\/#breadcrumb\"},\"inLanguage\":\"fr-FR\",\"potentialAction\":[{\"@type\":\"ReadAction\",\"target\":[\"https:\\\/\\\/www.eislub.be\\\/index.php\\\/nos-references\\\/\"]}]},{\"@type\":\"BreadcrumbList\",\"@id\":\"https:\\\/\\\/www.eislub.be\\\/index.php\\\/nos-references\\\/#breadcrumb\",\"itemListElement\":[{\"@type\":\"ListItem\",\"position\":1,\"name\":\"Accueil\",\"item\":\"https:\\\/\\\/www.eislub.be\\\/\"},{\"@type\":\"ListItem\",\"position\":2,\"name\":\"Nos r\u00e9f\u00e9rences\"}]},{\"@type\":\"WebSite\",\"@id\":\"https:\\\/\\\/www.eislub.be\\\/#website\",\"url\":\"https:\\\/\\\/www.eislub.be\\\/\",\"name\":\"E.I.S. Lubrification industrielle\",\"description\":\"Une garantie de fiabilit\u00e9, des professionnels \u00e0 votre service\",\"publisher\":{\"@id\":\"https:\\\/\\\/www.eislub.be\\\/#organization\"},\"potentialAction\":[{\"@type\":\"SearchAction\",\"target\":{\"@type\":\"EntryPoint\",\"urlTemplate\":\"https:\\\/\\\/www.eislub.be\\\/?s={search_term_string}\"},\"query-input\":{\"@type\":\"PropertyValueSpecification\",\"valueRequired\":true,\"valueName\":\"search_term_string\"}}],\"inLanguage\":\"fr-FR\"},{\"@type\":\"Organization\",\"@id\":\"https:\\\/\\\/www.eislub.be\\\/#organization\",\"name\":\"eis\",\"url\":\"https:\\\/\\\/www.eislub.be\\\/\",\"logo\":{\"@type\":\"ImageObject\",\"inLanguage\":\"fr-FR\",\"@id\":\"https:\\\/\\\/www.eislub.be\\\/#\\\/schema\\\/logo\\\/image\\\/\",\"url\":\"https:\\\/\\\/www.eislub.be\\\/wp-content\\\/uploads\\\/2019\\\/01\\\/eislogopetit.jpg\",\"contentUrl\":\"https:\\\/\\\/www.eislub.be\\\/wp-content\\\/uploads\\\/2019\\\/01\\\/eislogopetit.jpg\",\"width\":268,\"height\":80,\"caption\":\"eis\"},\"image\":{\"@id\":\"https:\\\/\\\/www.eislub.be\\\/#\\\/schema\\\/logo\\\/image\\\/\"}}]}<\/script>\n<!-- \/ Yoast SEO plugin. -->","yoast_head_json":{"title":"Nos r\u00e9f\u00e9rences - E.I.S. Lubrification industrielle","robots":{"index":"index","follow":"follow","max-snippet":"max-snippet:-1","max-image-preview":"max-image-preview:large","max-video-preview":"max-video-preview:-1"},"canonical":"https:\/\/www.eislub.be\/index.php\/nos-references\/","og_locale":"fr_FR","og_type":"article","og_title":"Nos r\u00e9f\u00e9rences - E.I.S. Lubrification industrielle","og_description":"Nous sommes partenaires dans bien des domaines d&rsquo;activit\u00e9s comme : La m\u00e9tallurgie L&rsquo;industrie du papier Les carri\u00e8res et cimenteries La p\u00e9trochimie L&rsquo;industrie pharmaceutique L&rsquo;industrie alimentaire, \u2026 Quelque soit votre m\u00e9tier nous nous adaptons \u00e0 votre process et votre parc de machines","og_url":"https:\/\/www.eislub.be\/index.php\/nos-references\/","og_site_name":"E.I.S. Lubrification industrielle","twitter_card":"summary_large_image","schema":{"@context":"https:\/\/schema.org","@graph":[{"@type":"WebPage","@id":"https:\/\/www.eislub.be\/index.php\/nos-references\/","url":"https:\/\/www.eislub.be\/index.php\/nos-references\/","name":"Nos r\u00e9f\u00e9rences - E.I.S. Lubrification industrielle","isPartOf":{"@id":"https:\/\/www.eislub.be\/#website"},"datePublished":"2019-01-18T08:45:40+00:00","breadcrumb":{"@id":"https:\/\/www.eislub.be\/index.php\/nos-references\/#breadcrumb"},"inLanguage":"fr-FR","potentialAction":[{"@type":"ReadAction","target":["https:\/\/www.eislub.be\/index.php\/nos-references\/"]}]},{"@type":"BreadcrumbList","@id":"https:\/\/www.eislub.be\/index.php\/nos-references\/#breadcrumb","itemListElement":[{"@type":"ListItem","position":1,"name":"Accueil","item":"https:\/\/www.eislub.be\/"},{"@type":"ListItem","position":2,"name":"Nos r\u00e9f\u00e9rences"}]},{"@type":"WebSite","@id":"https:\/\/www.eislub.be\/#website","url":"https:\/\/www.eislub.be\/","name":"E.I.S. Lubrification industrielle","description":"Une garantie de fiabilit\u00e9, des professionnels \u00e0 votre service","publisher":{"@id":"https:\/\/www.eislub.be\/#organization"},"potentialAction":[{"@type":"SearchAction","target":{"@type":"EntryPoint","urlTemplate":"https:\/\/www.eislub.be\/?s={search_term_string}"},"query-input":{"@type":"PropertyValueSpecification","valueRequired":true,"valueName":"search_term_string"}}],"inLanguage":"fr-FR"},{"@type":"Organization","@id":"https:\/\/www.eislub.be\/#organization","name":"eis","url":"https:\/\/www.eislub.be\/","logo":{"@type":"ImageObject","inLanguage":"fr-FR","@id":"https:\/\/www.eislub.be\/#\/schema\/logo\/image\/","url":"https:\/\/www.eislub.be\/wp-content\/uploads\/2019\/01\/eislogopetit.jpg","contentUrl":"https:\/\/www.eislub.be\/wp-content\/uploads\/2019\/01\/eislogopetit.jpg","width":268,"height":80,"caption":"eis"},"image":{"@id":"https:\/\/www.eislub.be\/#\/schema\/logo\/image\/"}}]}},"_links":{"self":[{"href":"https:\/\/www.eislub.be\/index.php\/wp-json\/wp\/v2\/pages\/116","targetHints":{"allow":["GET"]}}],"collection":[{"href":"https:\/\/www.eislub.be\/index.php\/wp-json\/wp\/v2\/pages"}],"about":[{"href":"https:\/\/www.eislub.be\/index.php\/wp-json\/wp\/v2\/types\/page"}],"author":[{"embeddable":true,"href":"https:\/\/www.eislub.be\/index.php\/wp-json\/wp\/v2\/users\/1"}],"replies":[{"embeddable":true,"href":"https:\/\/www.eislub.be\/index.php\/wp-json\/wp\/v2\/comments?post=116"}],"version-history":[{"count":1,"href":"https:\/\/www.eislub.be\/index.php\/wp-json\/wp\/v2\/pages\/116\/revisions"}],"predecessor-version":[{"id":117,"href":"https:\/\/www.eislub.be\/index.php\/wp-json\/wp\/v2\/pages\/116\/revisions\/117"}],"wp:attachment":[{"href":"https:\/\/www.eislub.be\/index.php\/wp-json\/wp\/v2\/media?parent=116"}],"curies":[{"name":"wp","href":"https:\/\/api.w.org\/{rel}","templated":true}]}}